{"id":10,"date":"2022-06-16T12:28:12","date_gmt":"2022-06-16T12:28:12","guid":{"rendered":"https:\/\/hopemais.com.br\/seikatsu\/?page_id=10"},"modified":"2023-09-05T03:22:26","modified_gmt":"2023-09-05T06:22:26","slug":"sobre-nos","status":"publish","type":"page","link":"https:\/\/hopemais.com.br\/seikatsu\/sobre-nos\/","title":{"rendered":"Sobre N\u00f3s"},"content":{"rendered":"\t\t<div data-elementor-type=\"wp-page\" data-elementor-id=\"10\" class=\"elementor elementor-10\" data-elementor-settings=\"{&quot;ha_cmc_init_switcher&quot;:&quot;no&quot;}\" data-elementor-post-type=\"page\">\n\t\t\t\t\t\t<section class=\"elementor-section elementor-top-section elementor-element elementor-element-51ea762 elementor-section-height-min-height elementor-section-boxed elementor-section-height-default elementor-section-items-middle wpr-particle-no wpr-jarallax-no wpr-parallax-no wpr-sticky-section-no\" data-id=\"51ea762\" data-element_type=\"section\" id=\"inicio\" data-settings=\"{&quot;background_background&quot;:&quot;classic&quot;,&quot;_ha_eqh_enable&quot;:false}\">\n\t\t\t\t\t\t\t<div class=\"elementor-background-overlay\"><\/div>\n\t\t\t\t\t\t\t<div class=\"elementor-container elementor-column-gap-default\">\n\t\t\t\t\t<div class=\"elementor-column elementor-col-100 elementor-top-column elementor-element elementor-element-56d7e54a\" data-id=\"56d7e54a\" data-element_type=\"column\">\n\t\t\t<div class=\"elementor-widget-wrap elementor-element-populated\">\n\t\t\t\t\t\t<div class=\"elementor-element elementor-element-5a3aa57 elementor-align-center elementor-widget elementor-widget-breadcrumbs\" data-id=\"5a3aa57\" data-element_type=\"widget\" data-widget_type=\"breadcrumbs.default\">\n\t\t\t\t<div class=\"elementor-widget-container\">\n\t\t\t\t\t<p id=\"breadcrumbs\"><span><span><a href=\"https:\/\/hopemais.com.br\/seikatsu\/\">In\u00edcio<\/a><\/span><\/span><\/p>\t\t\t\t<\/div>\n\t\t\t\t<\/div>\n\t\t\t\t\t<\/div>\n\t\t<\/div>\n\t\t\t\t\t<\/div>\n\t\t<\/section>\n\t\t\t\t<section class=\"elementor-section elementor-top-section elementor-element elementor-element-77a950b elementor-section-boxed elementor-section-height-default elementor-section-height-default wpr-particle-no wpr-jarallax-no wpr-parallax-no wpr-sticky-section-no\" data-id=\"77a950b\" data-element_type=\"section\" data-settings=\"{&quot;_ha_eqh_enable&quot;:false}\">\n\t\t\t\t\t\t<div class=\"elementor-container elementor-column-gap-default\">\n\t\t\t\t\t<div class=\"elementor-column elementor-col-100 elementor-top-column elementor-element elementor-element-2fa679a\" data-id=\"2fa679a\" data-element_type=\"column\">\n\t\t\t<div class=\"elementor-widget-wrap elementor-element-populated\">\n\t\t\t\t\t\t<div class=\"elementor-element elementor-element-84de7b2 elementor-invisible elementor-widget elementor-widget-heading\" data-id=\"84de7b2\" data-element_type=\"widget\" data-settings=\"{&quot;_animation&quot;:&quot;fadeInUp&quot;}\" data-widget_type=\"heading.default\">\n\t\t\t\t<div class=\"elementor-widget-container\">\n\t\t\t\t\t<h2 class=\"elementor-heading-title elementor-size-default\">A HOPE MAIS, nasceu com o intuito de criar uma nova alternativa na forma de adquirir servi\u00e7os de sa\u00fade, servi\u00e7os de cuidado e bem estar, servi\u00e7os de cuidado ao pet<\/h2>\t\t\t\t<\/div>\n\t\t\t\t<\/div>\n\t\t\t\t<section class=\"elementor-section elementor-inner-section elementor-element elementor-element-de8231e elementor-section-boxed elementor-section-height-default elementor-section-height-default wpr-particle-no wpr-jarallax-no wpr-parallax-no wpr-sticky-section-no\" data-id=\"de8231e\" data-element_type=\"section\" data-settings=\"{&quot;_ha_eqh_enable&quot;:false}\">\n\t\t\t\t\t\t<div class=\"elementor-container elementor-column-gap-default\">\n\t\t\t\t\t<div class=\"elementor-column elementor-col-50 elementor-inner-column elementor-element elementor-element-6144382\" data-id=\"6144382\" data-element_type=\"column\">\n\t\t\t<div class=\"elementor-widget-wrap elementor-element-populated\">\n\t\t\t\t\t\t<div class=\"elementor-element elementor-element-34c8f31 elementor-invisible elementor-widget elementor-widget-image\" data-id=\"34c8f31\" data-element_type=\"widget\" data-settings=\"{&quot;_animation&quot;:&quot;fadeInUp&quot;}\" data-widget_type=\"image.default\">\n\t\t\t\t<div class=\"elementor-widget-container\">\n\t\t\t\t\t\t\t\t\t\t\t\t\t\t\t<img decoding=\"async\" src=\"https:\/\/hopemais.com.br\/seikatsu\/wp-content\/uploads\/2022\/06\/sobre-nos_Hope-Mais.jpg\" title=\"sobre-nos_Hope-Mais\" alt=\"sobre-nos_Hope-Mais\" loading=\"lazy\" \/>\t\t\t\t\t\t\t\t\t\t\t\t\t\t\t<\/div>\n\t\t\t\t<\/div>\n\t\t\t\t\t<\/div>\n\t\t<\/div>\n\t\t\t\t<div class=\"elementor-column elementor-col-50 elementor-inner-column elementor-element elementor-element-1bd26e9\" data-id=\"1bd26e9\" data-element_type=\"column\">\n\t\t\t<div class=\"elementor-widget-wrap elementor-element-populated\">\n\t\t\t\t\t\t<div class=\"elementor-element elementor-element-386b57c elementor-invisible elementor-widget elementor-widget-text-editor\" data-id=\"386b57c\" data-element_type=\"widget\" data-settings=\"{&quot;_animation&quot;:&quot;fadeInLeft&quot;,&quot;_animation_delay&quot;:200}\" data-widget_type=\"text-editor.default\">\n\t\t\t\t<div class=\"elementor-widget-container\">\n\t\t\t\t\t\t\t\t\t<p>A <strong>HOPE MAIS<\/strong>,\u00a0\u00e9 uma fintech preocupada na vida de seus consumidores, \u00a0que al\u00e9m de proporcionar cart\u00e3o de cr\u00e9dito visando auxiliar na vida financeira destes, tamb\u00e9m propicia a seus clientes diversos benef\u00edcios\u00a0que dentre eles encurtam o caminho entre medico e paciente conectando \u00e0s pontas, atrav\u00e9s da sua Plataforma disponibilizando o\u00a0<strong>atendimento atrav\u00e9s de seu cart\u00e3o de cr\u00e9dito e APP<\/strong>.<\/p><p>Estamos focados no seguimento de <b>SA\u00daDE SUPLEMENTAR<\/b>. N\u00f3s conectamos as pontas, gerando benef\u00edcios e aumentando o consumo no seguimento, possibilitando o fortalecimento da economia. (Rede m\u00e9dica: cl\u00ednica, hospitalar e laboratorial, Odontologia, Servi\u00e7os Pet e o mercado Health Care de forma geral).<\/p><p>N\u00f3s <b>damos autonomia para o consumidor final escolher o servi\u00e7o que melhor lhe atender e ainda ser beneficiado por isso<\/b>. Utilizamos estrat\u00e9gias de cashback e recompensas por indica\u00e7\u00e3o e utiliza\u00e7\u00e3o da plataforma. O consumidor n\u00e3o s\u00f3 ter\u00e1 acesso a servi\u00e7os de qualidade, como tamb\u00e9m, ser\u00e1 recompensado por isso.<\/p><p>N\u00e3o somos um plano de sa\u00fade, somos um cart\u00e3o de cr\u00e9dito e benef\u00edcios para ser utilizado dentro de uma rede credenciada, cujo <b>o foco, \u00e9 a sua sa\u00fade e os cuidados que ela exige<\/b>.<\/p>\t\t\t\t\t\t\t\t<\/div>\n\t\t\t\t<\/div>\n\t\t\t\t\t<\/div>\n\t\t<\/div>\n\t\t\t\t\t<\/div>\n\t\t<\/section>\n\t\t\t\t\t<\/div>\n\t\t<\/div>\n\t\t\t\t\t<\/div>\n\t\t<\/section>\n\t\t\t\t<\/div>\n\t\t","protected":false},"excerpt":{"rendered":"<p>A HOPE MAIS, nasceu com o intuito de criar uma nova alternativa na forma de adquirir servi\u00e7os de sa\u00fade, servi\u00e7os de cuidado e bem estar, servi\u00e7os de cuidado ao pet A HOPE MAIS,\u00a0\u00e9 uma fintech preocupada na vida de seus consumidores, \u00a0que al\u00e9m de proporcionar cart\u00e3o de cr\u00e9dito visando auxiliar na vida financeira destes, tamb\u00e9m propicia a seus clientes diversos benef\u00edcios\u00a0que dentre eles encurtam o caminho entre medico e paciente conectando \u00e0s pontas, atrav\u00e9s da sua Plataforma disponibilizando o\u00a0atendimento atrav\u00e9s de seu cart\u00e3o de cr\u00e9dito e APP. Estamos focados no seguimento de SA\u00daDE SUPLEMENTAR. N\u00f3s conectamos as pontas, gerando benef\u00edcios e aumentando o consumo no seguimento, possibilitando o fortalecimento da economia. (Rede m\u00e9dica: cl\u00ednica, hospitalar e laboratorial, Odontologia, Servi\u00e7os Pet e o mercado Health Care de forma geral). N\u00f3s damos autonomia para o consumidor final escolher o servi\u00e7o que melhor lhe atender e ainda ser beneficiado por isso. Utilizamos estrat\u00e9gias de cashback e recompensas por indica\u00e7\u00e3o e utiliza\u00e7\u00e3o da plataforma. O consumidor n\u00e3o s\u00f3 ter\u00e1 acesso a servi\u00e7os de qualidade, como tamb\u00e9m, ser\u00e1 recompensado por isso. N\u00e3o somos um plano de sa\u00fade, somos um cart\u00e3o de cr\u00e9dito e benef\u00edcios para ser utilizado dentro de uma rede credenciada, cujo o foco, \u00e9 a sua sa\u00fade e os cuidados que ela exige.<\/p>\n","protected":false},"author":1,"featured_media":0,"parent":0,"menu_order":0,"comment_status":"closed","ping_status":"closed","template":"","meta":{"_joinchat":[],"footnotes":""},"class_list":["post-10","page","type-page","status-publish","hentry"],"yoast_head":"<!-- This site is optimized with the Yoast SEO plugin v26.9 - https:\/\/yoast.com\/product\/yoast-seo-wordpress\/ -->\n<title>Sobre N\u00f3s - Hope Mais<\/title>\n<meta name=\"robots\" content=\"index, follow, max-snippet:-1, max-image-preview:large, max-video-preview:-1\" \/>\n<link rel=\"canonical\" href=\"https:\/\/hopemais.com.br\/seikatsu\/sobre-nos\/\" \/>\n<meta property=\"og:locale\" content=\"pt_BR\" \/>\n<meta property=\"og:type\" content=\"article\" \/>\n<meta property=\"og:title\" content=\"Sobre N\u00f3s - Hope Mais\" \/>\n<meta property=\"og:description\" content=\"A HOPE MAIS, nasceu com o intuito de criar uma nova alternativa na forma de adquirir servi\u00e7os de sa\u00fade, servi\u00e7os de cuidado e bem estar, servi\u00e7os de cuidado ao pet A HOPE MAIS,\u00a0\u00e9 uma fintech preocupada na vida de seus consumidores, \u00a0que al\u00e9m de proporcionar cart\u00e3o de cr\u00e9dito visando auxiliar na vida financeira destes, tamb\u00e9m propicia a seus clientes diversos benef\u00edcios\u00a0que dentre eles encurtam o caminho entre medico e paciente conectando \u00e0s pontas, atrav\u00e9s da sua Plataforma disponibilizando o\u00a0atendimento atrav\u00e9s de seu cart\u00e3o de cr\u00e9dito e APP. Estamos focados no seguimento de SA\u00daDE SUPLEMENTAR. N\u00f3s conectamos as pontas, gerando benef\u00edcios e aumentando o consumo no seguimento, possibilitando o fortalecimento da economia. (Rede m\u00e9dica: cl\u00ednica, hospitalar e laboratorial, Odontologia, Servi\u00e7os Pet e o mercado Health Care de forma geral). N\u00f3s damos autonomia para o consumidor final escolher o servi\u00e7o que melhor lhe atender e ainda ser beneficiado por isso. Utilizamos estrat\u00e9gias de cashback e recompensas por indica\u00e7\u00e3o e utiliza\u00e7\u00e3o da plataforma. O consumidor n\u00e3o s\u00f3 ter\u00e1 acesso a servi\u00e7os de qualidade, como tamb\u00e9m, ser\u00e1 recompensado por isso. N\u00e3o somos um plano de sa\u00fade, somos um cart\u00e3o de cr\u00e9dito e benef\u00edcios para ser utilizado dentro de uma rede credenciada, cujo o foco, \u00e9 a sua sa\u00fade e os cuidados que ela exige.\" \/>\n<meta property=\"og:url\" content=\"https:\/\/hopemais.com.br\/seikatsu\/sobre-nos\/\" \/>\n<meta property=\"og:site_name\" content=\"Hope Mais\" \/>\n<meta property=\"article:modified_time\" content=\"2023-09-05T06:22:26+00:00\" \/>\n<meta property=\"og:image\" content=\"https:\/\/hopemais.com.br\/seikatsu\/wp-content\/uploads\/2022\/06\/sobre-nos_Hope-Mais.jpg\" \/>\n<meta name=\"twitter:card\" content=\"summary_large_image\" \/>\n<meta name=\"twitter:label1\" content=\"Est. tempo de leitura\" \/>\n\t<meta name=\"twitter:data1\" content=\"2 minutos\" \/>\n<script type=\"application\/ld+json\" class=\"yoast-schema-graph\">{\"@context\":\"https:\/\/schema.org\",\"@graph\":[{\"@type\":\"WebPage\",\"@id\":\"https:\/\/hopemais.com.br\/seikatsu\/sobre-nos\/\",\"url\":\"https:\/\/hopemais.com.br\/seikatsu\/sobre-nos\/\",\"name\":\"Sobre N\u00f3s - Hope Mais\",\"isPartOf\":{\"@id\":\"https:\/\/hopemais.com.br\/seikatsu\/#website\"},\"primaryImageOfPage\":{\"@id\":\"https:\/\/hopemais.com.br\/seikatsu\/sobre-nos\/#primaryimage\"},\"image\":{\"@id\":\"https:\/\/hopemais.com.br\/seikatsu\/sobre-nos\/#primaryimage\"},\"thumbnailUrl\":\"https:\/\/hopemais.com.br\/seikatsu\/wp-content\/uploads\/2022\/06\/sobre-nos_Hope-Mais.jpg\",\"datePublished\":\"2022-06-16T12:28:12+00:00\",\"dateModified\":\"2023-09-05T06:22:26+00:00\",\"breadcrumb\":{\"@id\":\"https:\/\/hopemais.com.br\/seikatsu\/sobre-nos\/#breadcrumb\"},\"inLanguage\":\"pt-BR\",\"potentialAction\":[{\"@type\":\"ReadAction\",\"target\":[\"https:\/\/hopemais.com.br\/seikatsu\/sobre-nos\/\"]}]},{\"@type\":\"ImageObject\",\"inLanguage\":\"pt-BR\",\"@id\":\"https:\/\/hopemais.com.br\/seikatsu\/sobre-nos\/#primaryimage\",\"url\":\"https:\/\/hopemais.com.br\/seikatsu\/wp-content\/uploads\/2022\/06\/sobre-nos_Hope-Mais.jpg\",\"contentUrl\":\"https:\/\/hopemais.com.br\/seikatsu\/wp-content\/uploads\/2022\/06\/sobre-nos_Hope-Mais.jpg\",\"width\":748,\"height\":900},{\"@type\":\"BreadcrumbList\",\"@id\":\"https:\/\/hopemais.com.br\/seikatsu\/sobre-nos\/#breadcrumb\",\"itemListElement\":[{\"@type\":\"ListItem\",\"position\":1,\"name\":\"In\u00edcio\",\"item\":\"https:\/\/hopemais.com.br\/seikatsu\/\"},{\"@type\":\"ListItem\",\"position\":2,\"name\":\"Sobre N\u00f3s\"}]},{\"@type\":\"WebSite\",\"@id\":\"https:\/\/hopemais.com.br\/seikatsu\/#website\",\"url\":\"https:\/\/hopemais.com.br\/seikatsu\/\",\"name\":\"Hope Mais\",\"description\":\"Benef\u00edcios\",\"potentialAction\":[{\"@type\":\"SearchAction\",\"target\":{\"@type\":\"EntryPoint\",\"urlTemplate\":\"https:\/\/hopemais.com.br\/seikatsu\/?s={search_term_string}\"},\"query-input\":{\"@type\":\"PropertyValueSpecification\",\"valueRequired\":true,\"valueName\":\"search_term_string\"}}],\"inLanguage\":\"pt-BR\"}]}<\/script>\n<!-- \/ Yoast SEO plugin. -->","yoast_head_json":{"title":"Sobre N\u00f3s - Hope Mais","robots":{"index":"index","follow":"follow","max-snippet":"max-snippet:-1","max-image-preview":"max-image-preview:large","max-video-preview":"max-video-preview:-1"},"canonical":"https:\/\/hopemais.com.br\/seikatsu\/sobre-nos\/","og_locale":"pt_BR","og_type":"article","og_title":"Sobre N\u00f3s - Hope Mais","og_description":"A HOPE MAIS, nasceu com o intuito de criar uma nova alternativa na forma de adquirir servi\u00e7os de sa\u00fade, servi\u00e7os de cuidado e bem estar, servi\u00e7os de cuidado ao pet A HOPE MAIS,\u00a0\u00e9 uma fintech preocupada na vida de seus consumidores, \u00a0que al\u00e9m de proporcionar cart\u00e3o de cr\u00e9dito visando auxiliar na vida financeira destes, tamb\u00e9m propicia a seus clientes diversos benef\u00edcios\u00a0que dentre eles encurtam o caminho entre medico e paciente conectando \u00e0s pontas, atrav\u00e9s da sua Plataforma disponibilizando o\u00a0atendimento atrav\u00e9s de seu cart\u00e3o de cr\u00e9dito e APP. Estamos focados no seguimento de SA\u00daDE SUPLEMENTAR. N\u00f3s conectamos as pontas, gerando benef\u00edcios e aumentando o consumo no seguimento, possibilitando o fortalecimento da economia. (Rede m\u00e9dica: cl\u00ednica, hospitalar e laboratorial, Odontologia, Servi\u00e7os Pet e o mercado Health Care de forma geral). N\u00f3s damos autonomia para o consumidor final escolher o servi\u00e7o que melhor lhe atender e ainda ser beneficiado por isso. Utilizamos estrat\u00e9gias de cashback e recompensas por indica\u00e7\u00e3o e utiliza\u00e7\u00e3o da plataforma. O consumidor n\u00e3o s\u00f3 ter\u00e1 acesso a servi\u00e7os de qualidade, como tamb\u00e9m, ser\u00e1 recompensado por isso. N\u00e3o somos um plano de sa\u00fade, somos um cart\u00e3o de cr\u00e9dito e benef\u00edcios para ser utilizado dentro de uma rede credenciada, cujo o foco, \u00e9 a sua sa\u00fade e os cuidados que ela exige.","og_url":"https:\/\/hopemais.com.br\/seikatsu\/sobre-nos\/","og_site_name":"Hope Mais","article_modified_time":"2023-09-05T06:22:26+00:00","og_image":[{"url":"https:\/\/hopemais.com.br\/seikatsu\/wp-content\/uploads\/2022\/06\/sobre-nos_Hope-Mais.jpg","type":"","width":"","height":""}],"twitter_card":"summary_large_image","twitter_misc":{"Est. tempo de leitura":"2 minutos"},"schema":{"@context":"https:\/\/schema.org","@graph":[{"@type":"WebPage","@id":"https:\/\/hopemais.com.br\/seikatsu\/sobre-nos\/","url":"https:\/\/hopemais.com.br\/seikatsu\/sobre-nos\/","name":"Sobre N\u00f3s - Hope Mais","isPartOf":{"@id":"https:\/\/hopemais.com.br\/seikatsu\/#website"},"primaryImageOfPage":{"@id":"https:\/\/hopemais.com.br\/seikatsu\/sobre-nos\/#primaryimage"},"image":{"@id":"https:\/\/hopemais.com.br\/seikatsu\/sobre-nos\/#primaryimage"},"thumbnailUrl":"https:\/\/hopemais.com.br\/seikatsu\/wp-content\/uploads\/2022\/06\/sobre-nos_Hope-Mais.jpg","datePublished":"2022-06-16T12:28:12+00:00","dateModified":"2023-09-05T06:22:26+00:00","breadcrumb":{"@id":"https:\/\/hopemais.com.br\/seikatsu\/sobre-nos\/#breadcrumb"},"inLanguage":"pt-BR","potentialAction":[{"@type":"ReadAction","target":["https:\/\/hopemais.com.br\/seikatsu\/sobre-nos\/"]}]},{"@type":"ImageObject","inLanguage":"pt-BR","@id":"https:\/\/hopemais.com.br\/seikatsu\/sobre-nos\/#primaryimage","url":"https:\/\/hopemais.com.br\/seikatsu\/wp-content\/uploads\/2022\/06\/sobre-nos_Hope-Mais.jpg","contentUrl":"https:\/\/hopemais.com.br\/seikatsu\/wp-content\/uploads\/2022\/06\/sobre-nos_Hope-Mais.jpg","width":748,"height":900},{"@type":"BreadcrumbList","@id":"https:\/\/hopemais.com.br\/seikatsu\/sobre-nos\/#breadcrumb","itemListElement":[{"@type":"ListItem","position":1,"name":"In\u00edcio","item":"https:\/\/hopemais.com.br\/seikatsu\/"},{"@type":"ListItem","position":2,"name":"Sobre N\u00f3s"}]},{"@type":"WebSite","@id":"https:\/\/hopemais.com.br\/seikatsu\/#website","url":"https:\/\/hopemais.com.br\/seikatsu\/","name":"Hope Mais","description":"Benef\u00edcios","potentialAction":[{"@type":"SearchAction","target":{"@type":"EntryPoint","urlTemplate":"https:\/\/hopemais.com.br\/seikatsu\/?s={search_term_string}"},"query-input":{"@type":"PropertyValueSpecification","valueRequired":true,"valueName":"search_term_string"}}],"inLanguage":"pt-BR"}]}},"_links":{"self":[{"href":"https:\/\/hopemais.com.br\/seikatsu\/wp-json\/wp\/v2\/pages\/10","targetHints":{"allow":["GET"]}}],"collection":[{"href":"https:\/\/hopemais.com.br\/seikatsu\/wp-json\/wp\/v2\/pages"}],"about":[{"href":"https:\/\/hopemais.com.br\/seikatsu\/wp-json\/wp\/v2\/types\/page"}],"author":[{"embeddable":true,"href":"https:\/\/hopemais.com.br\/seikatsu\/wp-json\/wp\/v2\/users\/1"}],"replies":[{"embeddable":true,"href":"https:\/\/hopemais.com.br\/seikatsu\/wp-json\/wp\/v2\/comments?post=10"}],"version-history":[{"count":76,"href":"https:\/\/hopemais.com.br\/seikatsu\/wp-json\/wp\/v2\/pages\/10\/revisions"}],"predecessor-version":[{"id":2156,"href":"https:\/\/hopemais.com.br\/seikatsu\/wp-json\/wp\/v2\/pages\/10\/revisions\/2156"}],"wp:attachment":[{"href":"https:\/\/hopemais.com.br\/seikatsu\/wp-json\/wp\/v2\/media?parent=10"}],"curies":[{"name":"wp","href":"https:\/\/api.w.org\/{rel}","templated":true}]}}