{"id":12,"date":"2022-06-16T12:28:36","date_gmt":"2022-06-16T12:28:36","guid":{"rendered":"https:\/\/hopemais.com.br\/seikatsu\/?page_id=12"},"modified":"2023-09-05T03:24:28","modified_gmt":"2023-09-05T06:24:28","slug":"hope-social","status":"publish","type":"page","link":"https:\/\/hopemais.com.br\/seikatsu\/hope-social\/","title":{"rendered":"Hope Social"},"content":{"rendered":"\t\t<div data-elementor-type=\"wp-page\" data-elementor-id=\"12\" class=\"elementor elementor-12\" data-elementor-settings=\"{&quot;ha_cmc_init_switcher&quot;:&quot;no&quot;}\" data-elementor-post-type=\"page\">\n\t\t\t\t\t\t<section class=\"elementor-section elementor-top-section elementor-element elementor-element-cec22ff elementor-section-height-min-height elementor-section-boxed elementor-section-height-default elementor-section-items-middle wpr-particle-no wpr-jarallax-no wpr-parallax-no wpr-sticky-section-no\" data-id=\"cec22ff\" data-element_type=\"section\" id=\"inicio\" data-settings=\"{&quot;background_background&quot;:&quot;classic&quot;,&quot;_ha_eqh_enable&quot;:false}\">\n\t\t\t\t\t\t\t<div class=\"elementor-background-overlay\"><\/div>\n\t\t\t\t\t\t\t<div class=\"elementor-container elementor-column-gap-default\">\n\t\t\t\t\t<div class=\"elementor-column elementor-col-100 elementor-top-column elementor-element elementor-element-336fbba\" data-id=\"336fbba\" data-element_type=\"column\">\n\t\t\t<div class=\"elementor-widget-wrap elementor-element-populated\">\n\t\t\t\t\t\t<div class=\"elementor-element elementor-element-15abafd elementor-align-center elementor-widget elementor-widget-breadcrumbs\" data-id=\"15abafd\" data-element_type=\"widget\" data-widget_type=\"breadcrumbs.default\">\n\t\t\t\t<div class=\"elementor-widget-container\">\n\t\t\t\t\t<p id=\"breadcrumbs\"><span><span><a href=\"https:\/\/hopemais.com.br\/seikatsu\/\">In\u00edcio<\/a><\/span><\/span><\/p>\t\t\t\t<\/div>\n\t\t\t\t<\/div>\n\t\t\t\t\t<\/div>\n\t\t<\/div>\n\t\t\t\t\t<\/div>\n\t\t<\/section>\n\t\t\t\t<section class=\"elementor-section elementor-top-section elementor-element elementor-element-865e970 elementor-section-boxed elementor-section-height-default elementor-section-height-default wpr-particle-no wpr-jarallax-no wpr-parallax-no wpr-sticky-section-no\" data-id=\"865e970\" data-element_type=\"section\" data-settings=\"{&quot;_ha_eqh_enable&quot;:false}\">\n\t\t\t\t\t\t<div class=\"elementor-container elementor-column-gap-default\">\n\t\t\t\t\t<div class=\"elementor-column elementor-col-100 elementor-top-column elementor-element elementor-element-504e269\" data-id=\"504e269\" data-element_type=\"column\">\n\t\t\t<div class=\"elementor-widget-wrap elementor-element-populated\">\n\t\t\t\t\t\t<section class=\"elementor-section elementor-inner-section elementor-element elementor-element-ee5d626 elementor-section-boxed elementor-section-height-default elementor-section-height-default wpr-particle-no wpr-jarallax-no wpr-parallax-no wpr-sticky-section-no\" data-id=\"ee5d626\" data-element_type=\"section\" data-settings=\"{&quot;_ha_eqh_enable&quot;:false}\">\n\t\t\t\t\t\t<div class=\"elementor-container elementor-column-gap-default\">\n\t\t\t\t\t<div class=\"elementor-column elementor-col-50 elementor-inner-column elementor-element elementor-element-23ea108\" data-id=\"23ea108\" data-element_type=\"column\">\n\t\t\t<div class=\"elementor-widget-wrap elementor-element-populated\">\n\t\t\t\t\t\t<div class=\"elementor-element elementor-element-dd4eb22 elementor-invisible elementor-widget elementor-widget-image\" data-id=\"dd4eb22\" data-element_type=\"widget\" data-settings=\"{&quot;_animation&quot;:&quot;fadeInUp&quot;}\" data-widget_type=\"image.default\">\n\t\t\t\t<div class=\"elementor-widget-container\">\n\t\t\t\t\t\t\t\t\t\t\t\t\t\t\t<img decoding=\"async\" src=\"https:\/\/hopemais.com.br\/seikatsu\/wp-content\/uploads\/2022\/06\/Social-Hope-Mais.jpg\" title=\"Social-Hope-Mais\" alt=\"Social-Hope-Mais\" loading=\"lazy\" \/>\t\t\t\t\t\t\t\t\t\t\t\t\t\t\t<\/div>\n\t\t\t\t<\/div>\n\t\t\t\t\t<\/div>\n\t\t<\/div>\n\t\t\t\t<div class=\"elementor-column elementor-col-50 elementor-inner-column elementor-element elementor-element-62b59f3\" data-id=\"62b59f3\" data-element_type=\"column\">\n\t\t\t<div class=\"elementor-widget-wrap elementor-element-populated\">\n\t\t\t\t\t\t<div class=\"elementor-element elementor-element-d8f49ac elementor-invisible elementor-widget elementor-widget-text-editor\" data-id=\"d8f49ac\" data-element_type=\"widget\" data-settings=\"{&quot;_animation&quot;:&quot;fadeInLeft&quot;,&quot;_animation_delay&quot;:200}\" data-widget_type=\"text-editor.default\">\n\t\t\t\t<div class=\"elementor-widget-container\">\n\t\t\t\t\t\t\t\t\t<p>Voc\u00ea pode ao fazer o seu plano acrescentar um valor de R$ 1,00 \u00e0 R$ 10,00 e com isso, <b>contribuir com uma Institui\u00e7\u00e3o Social da sua escolha<\/b>.<\/p><p>A Lista de Institui\u00e7\u00f5es Sociais que apoiamos <b>aparecer\u00e1 no momento que voc\u00ea estiver fazendo o seu plano no APP ou Plataforma<\/b>.<\/p><p>Algumas das Institui\u00e7\u00f5es Sociais que apoiamos:<\/p><p><b>CONTRIBUA COM UMA INSTITUI\u00c7\u00c3O SOCIAL DA SUA ESCOLHA<\/b><\/p>\t\t\t\t\t\t\t\t<\/div>\n\t\t\t\t<\/div>\n\t\t\t\t\t<\/div>\n\t\t<\/div>\n\t\t\t\t\t<\/div>\n\t\t<\/section>\n\t\t\t\t\t<\/div>\n\t\t<\/div>\n\t\t\t\t\t<\/div>\n\t\t<\/section>\n\t\t\t\t<\/div>\n\t\t","protected":false},"excerpt":{"rendered":"<p>Voc\u00ea pode ao fazer o seu plano acrescentar um valor de R$ 1,00 \u00e0 R$ 10,00 e com isso, contribuir com uma Institui\u00e7\u00e3o Social da sua escolha. A Lista de Institui\u00e7\u00f5es Sociais que apoiamos aparecer\u00e1 no momento que voc\u00ea estiver fazendo o seu plano no APP ou Plataforma. Algumas das Institui\u00e7\u00f5es Sociais que apoiamos: CONTRIBUA COM UMA INSTITUI\u00c7\u00c3O SOCIAL DA SUA ESCOLHA<\/p>\n","protected":false},"author":1,"featured_media":0,"parent":0,"menu_order":0,"comment_status":"closed","ping_status":"closed","template":"elementor_header_footer","meta":{"_joinchat":[],"footnotes":""},"class_list":["post-12","page","type-page","status-publish","hentry"],"yoast_head":"<!-- This site is optimized with the Yoast SEO plugin v26.9 - https:\/\/yoast.com\/product\/yoast-seo-wordpress\/ -->\n<title>Hope Social - Hope Mais<\/title>\n<meta name=\"robots\" content=\"index, follow, max-snippet:-1, max-image-preview:large, max-video-preview:-1\" \/>\n<link rel=\"canonical\" href=\"https:\/\/hopemais.com.br\/seikatsu\/hope-social\/\" \/>\n<meta property=\"og:locale\" content=\"pt_BR\" \/>\n<meta property=\"og:type\" content=\"article\" \/>\n<meta property=\"og:title\" content=\"Hope Social - Hope Mais\" \/>\n<meta property=\"og:description\" content=\"Voc\u00ea pode ao fazer o seu plano acrescentar um valor de R$ 1,00 \u00e0 R$ 10,00 e com isso, contribuir com uma Institui\u00e7\u00e3o Social da sua escolha. A Lista de Institui\u00e7\u00f5es Sociais que apoiamos aparecer\u00e1 no momento que voc\u00ea estiver fazendo o seu plano no APP ou Plataforma. Algumas das Institui\u00e7\u00f5es Sociais que apoiamos: CONTRIBUA COM UMA INSTITUI\u00c7\u00c3O SOCIAL DA SUA ESCOLHA\" \/>\n<meta property=\"og:url\" content=\"https:\/\/hopemais.com.br\/seikatsu\/hope-social\/\" \/>\n<meta property=\"og:site_name\" content=\"Hope Mais\" \/>\n<meta property=\"article:modified_time\" content=\"2023-09-05T06:24:28+00:00\" \/>\n<meta property=\"og:image\" content=\"https:\/\/hopemais.com.br\/seikatsu\/wp-content\/uploads\/2022\/06\/Social-Hope-Mais.jpg\" \/>\n<meta name=\"twitter:card\" content=\"summary_large_image\" \/>\n<meta name=\"twitter:label1\" content=\"Est. tempo de leitura\" \/>\n\t<meta name=\"twitter:data1\" content=\"1 minuto\" \/>\n<script type=\"application\/ld+json\" class=\"yoast-schema-graph\">{\"@context\":\"https:\/\/schema.org\",\"@graph\":[{\"@type\":\"WebPage\",\"@id\":\"https:\/\/hopemais.com.br\/seikatsu\/hope-social\/\",\"url\":\"https:\/\/hopemais.com.br\/seikatsu\/hope-social\/\",\"name\":\"Hope Social - Hope Mais\",\"isPartOf\":{\"@id\":\"https:\/\/hopemais.com.br\/seikatsu\/#website\"},\"primaryImageOfPage\":{\"@id\":\"https:\/\/hopemais.com.br\/seikatsu\/hope-social\/#primaryimage\"},\"image\":{\"@id\":\"https:\/\/hopemais.com.br\/seikatsu\/hope-social\/#primaryimage\"},\"thumbnailUrl\":\"https:\/\/hopemais.com.br\/seikatsu\/wp-content\/uploads\/2022\/06\/Social-Hope-Mais.jpg\",\"datePublished\":\"2022-06-16T12:28:36+00:00\",\"dateModified\":\"2023-09-05T06:24:28+00:00\",\"breadcrumb\":{\"@id\":\"https:\/\/hopemais.com.br\/seikatsu\/hope-social\/#breadcrumb\"},\"inLanguage\":\"pt-BR\",\"potentialAction\":[{\"@type\":\"ReadAction\",\"target\":[\"https:\/\/hopemais.com.br\/seikatsu\/hope-social\/\"]}]},{\"@type\":\"ImageObject\",\"inLanguage\":\"pt-BR\",\"@id\":\"https:\/\/hopemais.com.br\/seikatsu\/hope-social\/#primaryimage\",\"url\":\"https:\/\/hopemais.com.br\/seikatsu\/wp-content\/uploads\/2022\/06\/Social-Hope-Mais.jpg\",\"contentUrl\":\"https:\/\/hopemais.com.br\/seikatsu\/wp-content\/uploads\/2022\/06\/Social-Hope-Mais.jpg\",\"width\":748,\"height\":520},{\"@type\":\"BreadcrumbList\",\"@id\":\"https:\/\/hopemais.com.br\/seikatsu\/hope-social\/#breadcrumb\",\"itemListElement\":[{\"@type\":\"ListItem\",\"position\":1,\"name\":\"In\u00edcio\",\"item\":\"https:\/\/hopemais.com.br\/seikatsu\/\"},{\"@type\":\"ListItem\",\"position\":2,\"name\":\"Hope Social\"}]},{\"@type\":\"WebSite\",\"@id\":\"https:\/\/hopemais.com.br\/seikatsu\/#website\",\"url\":\"https:\/\/hopemais.com.br\/seikatsu\/\",\"name\":\"Hope Mais\",\"description\":\"Benef\u00edcios\",\"potentialAction\":[{\"@type\":\"SearchAction\",\"target\":{\"@type\":\"EntryPoint\",\"urlTemplate\":\"https:\/\/hopemais.com.br\/seikatsu\/?s={search_term_string}\"},\"query-input\":{\"@type\":\"PropertyValueSpecification\",\"valueRequired\":true,\"valueName\":\"search_term_string\"}}],\"inLanguage\":\"pt-BR\"}]}<\/script>\n<!-- \/ Yoast SEO plugin. -->","yoast_head_json":{"title":"Hope Social - Hope Mais","robots":{"index":"index","follow":"follow","max-snippet":"max-snippet:-1","max-image-preview":"max-image-preview:large","max-video-preview":"max-video-preview:-1"},"canonical":"https:\/\/hopemais.com.br\/seikatsu\/hope-social\/","og_locale":"pt_BR","og_type":"article","og_title":"Hope Social - Hope Mais","og_description":"Voc\u00ea pode ao fazer o seu plano acrescentar um valor de R$ 1,00 \u00e0 R$ 10,00 e com isso, contribuir com uma Institui\u00e7\u00e3o Social da sua escolha. A Lista de Institui\u00e7\u00f5es Sociais que apoiamos aparecer\u00e1 no momento que voc\u00ea estiver fazendo o seu plano no APP ou Plataforma. Algumas das Institui\u00e7\u00f5es Sociais que apoiamos: CONTRIBUA COM UMA INSTITUI\u00c7\u00c3O SOCIAL DA SUA ESCOLHA","og_url":"https:\/\/hopemais.com.br\/seikatsu\/hope-social\/","og_site_name":"Hope Mais","article_modified_time":"2023-09-05T06:24:28+00:00","og_image":[{"url":"https:\/\/hopemais.com.br\/seikatsu\/wp-content\/uploads\/2022\/06\/Social-Hope-Mais.jpg","type":"","width":"","height":""}],"twitter_card":"summary_large_image","twitter_misc":{"Est. tempo de leitura":"1 minuto"},"schema":{"@context":"https:\/\/schema.org","@graph":[{"@type":"WebPage","@id":"https:\/\/hopemais.com.br\/seikatsu\/hope-social\/","url":"https:\/\/hopemais.com.br\/seikatsu\/hope-social\/","name":"Hope Social - Hope Mais","isPartOf":{"@id":"https:\/\/hopemais.com.br\/seikatsu\/#website"},"primaryImageOfPage":{"@id":"https:\/\/hopemais.com.br\/seikatsu\/hope-social\/#primaryimage"},"image":{"@id":"https:\/\/hopemais.com.br\/seikatsu\/hope-social\/#primaryimage"},"thumbnailUrl":"https:\/\/hopemais.com.br\/seikatsu\/wp-content\/uploads\/2022\/06\/Social-Hope-Mais.jpg","datePublished":"2022-06-16T12:28:36+00:00","dateModified":"2023-09-05T06:24:28+00:00","breadcrumb":{"@id":"https:\/\/hopemais.com.br\/seikatsu\/hope-social\/#breadcrumb"},"inLanguage":"pt-BR","potentialAction":[{"@type":"ReadAction","target":["https:\/\/hopemais.com.br\/seikatsu\/hope-social\/"]}]},{"@type":"ImageObject","inLanguage":"pt-BR","@id":"https:\/\/hopemais.com.br\/seikatsu\/hope-social\/#primaryimage","url":"https:\/\/hopemais.com.br\/seikatsu\/wp-content\/uploads\/2022\/06\/Social-Hope-Mais.jpg","contentUrl":"https:\/\/hopemais.com.br\/seikatsu\/wp-content\/uploads\/2022\/06\/Social-Hope-Mais.jpg","width":748,"height":520},{"@type":"BreadcrumbList","@id":"https:\/\/hopemais.com.br\/seikatsu\/hope-social\/#breadcrumb","itemListElement":[{"@type":"ListItem","position":1,"name":"In\u00edcio","item":"https:\/\/hopemais.com.br\/seikatsu\/"},{"@type":"ListItem","position":2,"name":"Hope Social"}]},{"@type":"WebSite","@id":"https:\/\/hopemais.com.br\/seikatsu\/#website","url":"https:\/\/hopemais.com.br\/seikatsu\/","name":"Hope Mais","description":"Benef\u00edcios","potentialAction":[{"@type":"SearchAction","target":{"@type":"EntryPoint","urlTemplate":"https:\/\/hopemais.com.br\/seikatsu\/?s={search_term_string}"},"query-input":{"@type":"PropertyValueSpecification","valueRequired":true,"valueName":"search_term_string"}}],"inLanguage":"pt-BR"}]}},"_links":{"self":[{"href":"https:\/\/hopemais.com.br\/seikatsu\/wp-json\/wp\/v2\/pages\/12","targetHints":{"allow":["GET"]}}],"collection":[{"href":"https:\/\/hopemais.com.br\/seikatsu\/wp-json\/wp\/v2\/pages"}],"about":[{"href":"https:\/\/hopemais.com.br\/seikatsu\/wp-json\/wp\/v2\/types\/page"}],"author":[{"embeddable":true,"href":"https:\/\/hopemais.com.br\/seikatsu\/wp-json\/wp\/v2\/users\/1"}],"replies":[{"embeddable":true,"href":"https:\/\/hopemais.com.br\/seikatsu\/wp-json\/wp\/v2\/comments?post=12"}],"version-history":[{"count":25,"href":"https:\/\/hopemais.com.br\/seikatsu\/wp-json\/wp\/v2\/pages\/12\/revisions"}],"predecessor-version":[{"id":2162,"href":"https:\/\/hopemais.com.br\/seikatsu\/wp-json\/wp\/v2\/pages\/12\/revisions\/2162"}],"wp:attachment":[{"href":"https:\/\/hopemais.com.br\/seikatsu\/wp-json\/wp\/v2\/media?parent=12"}],"curies":[{"name":"wp","href":"https:\/\/api.w.org\/{rel}","templated":true}]}}